{"id":486,"date":"2021-02-08T12:50:35","date_gmt":"2021-02-08T12:50:35","guid":{"rendered":"https:\/\/groundtechsolutions.nl\/over-ons\/"},"modified":"2025-09-19T07:26:31","modified_gmt":"2025-09-19T07:26:31","slug":"uber-ons","status":"publish","type":"page","link":"https:\/\/groundtechsolutions.nl\/de\/uber-ons\/","title":{"rendered":"\u00dcber uns"},"content":{"rendered":"        <div class=\"featured-module \">\r\n            <div class=\"img-wrap webp\" style=\"background-image: url(https:\/\/groundtechsolutions.nl\/wp-content\/uploads\/2021\/02\/featured-img-3.webp);\"><\/div><!--end of top-img--><div class=\"img-wrap\" style=\"background-image: url(https:\/\/groundtechsolutions.nl\/wp-content\/uploads\/2021\/02\/featured-img-3.jpg);\"><\/div><!--end of top-img--> \r\n            <div class=\"inner cf\">\r\n                <div class=\"text-wrap\">\r\n                    <h1>\u00dcber uns<\/h1>\n<p><b><strong>Isopur Isolierung<\/strong><\/b>\u00a0ist seit 1986 auf dem Gebiet der Polyurethan-Spritztechnik t\u00e4tig und hat im Laufe der Jahre bei der Anwendung der nahtlosen Isolierung spezialisiert entwickelt.<br \/>\nIsopur einnimmt Herveld und in den Niederlanden, Belgien und Deutschland k\u00f6nnen sowohl f\u00fcr den Gesch\u00e4fts- und Privatmarkt verwendet werden.<\/p>\n                            <div class=\"btns-wrap\">\r\n                                 \t\t\r\n\t\t<div class=\"btn border-btn\">\t\t\t\t\t\t\t\t\t\t\t\t\t\t\t\t\t\t\t\t\t\t\t\t\t\t\t\t\t\t\r\n\t\t\t<a href=\"https:\/\/groundtechsolutions.nl\/de\/angebot\/\" target=\"_self\" >Angebot <\/a>\t\t\t\t\t\t\t\t\t\t\t\t\r\n\t\t<\/div>\r\n\t                            <\/div><!--end of btns-wrap-->\r\n                                        <\/div><!--end of text-wrap-->\r\n            <\/div><!--end of inner-->\r\n                    <\/div><!--end of featured-module-->\t \r\n\t\t\t\r\n\n\n\t\t<div class=\"usps-bar-module\">\r\n            <div class=\"inner cf\">\r\n\t\t\t\t                <ul>\r\n\t\t\t\t\t\t\t\t\t\t<li>30 jaar ervaring met spray isolatie<\/li>\r\n\t\t\t\t\t\t\t\t\t\t<li>Wij zijn gecertificeerd<\/li>\r\n\t\t\t\t\t\t\t\t\t\t<li>Standaard 10 jaar garantie<\/li>\r\n\t\t\t\t\t\t\t\t\t\t<li>Wij laten de klus netjes achter<\/li>\r\n\t\t\t\t\t\t\t\t\t<\/ul>\r\n\t\t\t\t            <\/div><!--end of inner-->\r\n        <\/div><!--end of usps-bar-module-->  \t \r\n\t\t\t\r\n\n\n\t\t<div class=\"column-text-module\">\r\n            <div class=\"inner cf\">\r\n                <div class=\"title\">\r\n                    <h2>Willkommen bei Isopur, Pur Isolation<\/h2>\r\n                <\/div><!--end of title-->\r\n\r\n                <div class=\"items-wrap cf\">\r\n\t\t\t\t\t                    <div class=\"item\">\r\n                        <p>Isopur Pflege der Gesamtisolierung von H\u00e4usern, Geb\u00e4uden, St\u00e4llen, Lagerung, Tankcontainer, Schiffe. Die Vorg\u00e4nge bestehen aus der Isolierung der B\u00f6den, Hohlw\u00e4nde, Fassaden und D\u00e4cher. Isopur bringt den Polyurethanschaum durch Spr\u00fchen direkt auf das Objekt zu isolieren. Die Isolierung kann auch mit einer Beschichtung versehen werden.<\/p>\n\t\t\t\t\t<\/div><!--end of item-->\r\n\t\t\t\t\t                    <div class=\"item\">\r\n                        <p><img loading=\"lazy\" decoding=\"async\" class=\"alignnone wp-image-335\" src=\"https:\/\/groundtechsolutions.nl\/wp-content\/uploads\/2021\/02\/56a67245-f126-4515-b3e1-ee1a1ce1a597-300x169.jpg\" alt=\"\" width=\"422\" height=\"238\" srcset=\"https:\/\/groundtechsolutions.nl\/wp-content\/uploads\/2021\/02\/56a67245-f126-4515-b3e1-ee1a1ce1a597-300x169.jpg 300w, https:\/\/groundtechsolutions.nl\/wp-content\/uploads\/2021\/02\/56a67245-f126-4515-b3e1-ee1a1ce1a597-768x432.jpg 768w, https:\/\/groundtechsolutions.nl\/wp-content\/uploads\/2021\/02\/56a67245-f126-4515-b3e1-ee1a1ce1a597.jpg 1024w\" sizes=\"auto, (max-width: 422px) 100vw, 422px\" \/><\/p>\n\t\t\t\t\t<\/div><!--end of item-->\r\n\t\t\t\t\t                <\/div><!--end of items-wrap-->\r\n            <\/div><!--end of inner-->\r\n        <\/div><!--end of column-text-module-->  \t \r\n\t\t\t\r\n\n\n\t\t<div class=\"quote-slider-module\">\r\n\t\t\t<div class=\"img-wrap webp\" style=\"background-image: url(https:\/\/groundtechsolutions.nl\/wp-content\/uploads\/2021\/02\/tabs-bg-img-3.webp);\"><\/div><!--end of top-img--><div class=\"img-wrap\" style=\"background-image: url(https:\/\/groundtechsolutions.nl\/wp-content\/uploads\/2021\/02\/tabs-bg-img-3.jpg);\"><\/div><!--end of top-img--> \r\n\r\n            <div class=\"inner cf\">\r\n                <div class=\"quote-slider\">\r\n\r\n\t\t\t\t\t\t\t\t\t<div class=\"slide\">\r\n                        <h3>Testimonial<\/h3>\r\n                        <p>Lorem ipsum dolor sit amet, consetetur sadipscing elitr, sed diam nonumy eirmod tempor invidunt ut labore et dolore magna aliquyam erat, sed diam voluptua. At vero eos et accusam et justo duo dolores et ea rebum. Stet clita kasd gubergren.<\/p>\r\n                        <span class=\"name\">&#8211; Naam van klant<\/span>\r\n                    <\/div><!--end of slide-->\r\n\t\t\t\t\t\t\t\t\t\t<div class=\"slide\">\r\n                        <h3>Testimonial<\/h3>\r\n                        <p>Lorem ipsum dolor sit amet, consetetur sadipscing elitr, sed diam nonumy eirmod tempor invidunt ut labore et dolore magna aliquyam erat, sed diam voluptua. At vero eos et accusam et justo duo dolores et ea rebum. Stet clita kasd gubergren.<\/p>\r\n                        <span class=\"name\">&#8211; Naam van klant<\/span>\r\n                    <\/div><!--end of slide-->\r\n\t\t\t\t\t\t\t\t\t\t\t\t\t\t\t\r\n\r\n                <\/div><!--end of quote-slider-->\r\n            <\/div><!--end of inner-->\r\n        <\/div><!--end of quote-slider-module-->\r\n\t\t\t\r\n\n\n\t\t<div class=\"projects-module \">\r\n            <div class=\"inner\">\r\n                <div class=\"items-wrap cf\">\r\n\t\t\t\t\t\t\t\r\n\t\t\t\t\t<div class=\"item\" item_id=\"97\">\r\n\t\t\t\t\t\t<div class=\"img-wrap webp\" style=\"background-image: url(https:\/\/groundtechsolutions.nl\/wp-content\/uploads\/2021\/02\/project-img-1.webp);\"><\/div><!--end of top-img--><div class=\"img-wrap\" style=\"background-image: url(https:\/\/groundtechsolutions.nl\/wp-content\/uploads\/2021\/02\/project-img-1.jpg);\"><\/div><!--end of top-img--> \r\n                        <div class=\"hover-overlay\">\r\n                            <span class=\"name\">Naam project<\/span>\r\n                        <\/div><!--end of hover-overlay-->\r\n                        <a href=\"#\" class=\"full-link\"><\/a>\r\n                    <\/div><!--end of item-->\r\n\t\t\t\t\t\t\t\r\n\t\t\t\t\t<div class=\"item\" item_id=\"95\">\r\n\t\t\t\t\t\t<div class=\"img-wrap webp\" style=\"background-image: url(https:\/\/groundtechsolutions.nl\/wp-content\/uploads\/2021\/02\/project-img-2.webp);\"><\/div><!--end of top-img--><div class=\"img-wrap\" style=\"background-image: url(https:\/\/groundtechsolutions.nl\/wp-content\/uploads\/2021\/02\/project-img-2.jpg);\"><\/div><!--end of top-img--> \r\n                        <div class=\"hover-overlay\">\r\n                            <span class=\"name\">Naam project<\/span>\r\n                        <\/div><!--end of hover-overlay-->\r\n                        <a href=\"#\" class=\"full-link\"><\/a>\r\n                    <\/div><!--end of item-->\r\n\t\t\t\t\t\t\t\r\n\t\t\t\t\t<div class=\"item\" item_id=\"93\">\r\n\t\t\t\t\t\t<div class=\"img-wrap webp\" style=\"background-image: url(https:\/\/groundtechsolutions.nl\/wp-content\/uploads\/2021\/02\/project-img-3.webp);\"><\/div><!--end of top-img--><div class=\"img-wrap\" style=\"background-image: url(https:\/\/groundtechsolutions.nl\/wp-content\/uploads\/2021\/02\/project-img-3.jpg);\"><\/div><!--end of top-img--> \r\n                        <div class=\"hover-overlay\">\r\n                            <span class=\"name\">Naam project<\/span>\r\n                        <\/div><!--end of hover-overlay-->\r\n                        <a href=\"#\" class=\"full-link\"><\/a>\r\n                    <\/div><!--end of item-->\r\n\t\t\t\t\t\t\r\n\t\t\t\t\t \t\t\t\t\t\r\n                <\/div><!--end of items-wrap-->\r\n\t\t\t<\/div><!--end of inner-->\r\n\t\t\t\r\n            <div class=\"project-popup\">\r\n                <div class=\"overlay\"><\/div><!--end of overlay-->\r\n\r\n                <div class=\"close-btn-wrap\">\r\n                    <div class=\"inner cf\">\r\n                        <div class=\"close-btn\">\r\n                            <div class=\"icon\"><\/div>\r\n                        <\/div><!--end of close-btn-->\r\n                    <\/div><!--end of inner-->\r\n                <\/div><!--end of close-btn-wrap-->\r\n\r\n                <div class=\"center\">\r\n                    <div class=\"inner cf details-wrap\">\r\n                        \r\n                    <\/div><!--end of inner-->\r\n                <\/div><!--end of center-->\r\n\t\t\t<\/div><!--end of project-popup-->\r\n\t\t\t\t\t\t\r\n        <\/div><!--end of projects-module-->  \t \r\n\t\t\t\r\n\n\n        <div class=\"full-form-module\">\r\n            <div class=\"inner cf\">\r\n                <div class=\"title\">\r\n                    <h2>Contact<\/h2>\r\n                <\/div><!--end of title-->\r\n\r\n                <div class=\"form-wrap\">\r\n                    \r\n                    <div class=\"contact-items\">\r\n                        <ul>\r\n                                                                                <\/ul>\r\n                    <\/div><!--end of contact-items-->\r\n\r\n                <\/div><!--end of form-wrap-->\r\n            <\/div><!--end of inner-->\r\n        <\/div><!--end of full-form-module-->  \t \r\n\t\t\t\r\n","protected":false},"excerpt":{"rendered":"","protected":false},"author":2,"featured_media":0,"parent":0,"menu_order":0,"comment_status":"closed","ping_status":"closed","template":"","meta":{"_acf_changed":false,"footnotes":""},"class_list":["post-486","page","type-page","status-publish","hentry"],"acf":[],"_links":{"self":[{"href":"https:\/\/groundtechsolutions.nl\/de\/wp-json\/wp\/v2\/pages\/486","targetHints":{"allow":["GET"]}}],"collection":[{"href":"https:\/\/groundtechsolutions.nl\/de\/wp-json\/wp\/v2\/pages"}],"about":[{"href":"https:\/\/groundtechsolutions.nl\/de\/wp-json\/wp\/v2\/types\/page"}],"author":[{"embeddable":true,"href":"https:\/\/groundtechsolutions.nl\/de\/wp-json\/wp\/v2\/users\/2"}],"replies":[{"embeddable":true,"href":"https:\/\/groundtechsolutions.nl\/de\/wp-json\/wp\/v2\/comments?post=486"}],"version-history":[{"count":8,"href":"https:\/\/groundtechsolutions.nl\/de\/wp-json\/wp\/v2\/pages\/486\/revisions"}],"predecessor-version":[{"id":1041,"href":"https:\/\/groundtechsolutions.nl\/de\/wp-json\/wp\/v2\/pages\/486\/revisions\/1041"}],"wp:attachment":[{"href":"https:\/\/groundtechsolutions.nl\/de\/wp-json\/wp\/v2\/media?parent=486"}],"curies":[{"name":"wp","href":"https:\/\/api.w.org\/{rel}","templated":true}]}}