{"id":1021,"date":"2025-09-19T05:41:06","date_gmt":"2025-09-19T05:41:06","guid":{"rendered":"https:\/\/groundtechsolutions.nl\/funderingsherstel\/"},"modified":"2025-09-19T07:45:36","modified_gmt":"2025-09-19T07:45:36","slug":"fundamentinstandsetzung","status":"publish","type":"page","link":"https:\/\/groundtechsolutions.nl\/de\/fundamentinstandsetzung\/","title":{"rendered":"Fundamentinstandsetzung"},"content":{"rendered":"        <div class=\"featured-module \">\r\n            <div class=\"img-wrap webp\" style=\"background-image: url(https:\/\/groundtechsolutions.nl\/wp-content\/uploads\/2025\/09\/whatsapp-image-2025-09-01-at-15.49.39-3.webp);\"><\/div><!--end of top-img--><div class=\"img-wrap\" style=\"background-image: url(https:\/\/groundtechsolutions.nl\/wp-content\/uploads\/2025\/09\/whatsapp-image-2025-09-01-at-15.49.39-3.jpeg);\"><\/div><!--end of top-img--> \r\n            <div class=\"inner cf\">\r\n                <div class=\"text-wrap\">\r\n                    <h1>Fundamentinstandsetzung mit Resina-Injektion<\/h1>\n                            <div class=\"btns-wrap\">\r\n                                 \t\t\r\n\t\t<div class=\"btn default\">\t\t\t\t\t\t\t\t\t\t\t\t\t\t\t\t\t\t\t\t\t\t\t\t\t\t\t\t\t\t\r\n\t\t\t<a href=\"https:\/\/groundtechsolutions.nl\/de\/angebot\/\" target=\"_self\" >Angebot<\/a>\t\t\t\t\t\t\t\t\t\t\t\t\r\n\t\t<\/div>\r\n\t                            <\/div><!--end of btns-wrap-->\r\n                                        <\/div><!--end of text-wrap-->\r\n            <\/div><!--end of inner-->\r\n                    <\/div><!--end of featured-module-->\t \r\n\t\t\t\r\n\n\n\t\t<div class=\"usps-bar-module\">\r\n            <div class=\"inner cf\">\r\n\t\t\t\t                <ul>\r\n\t\t\t\t\t\t\t\t\t\t<li>Innerhalb von 1 Arbeitstag ein ma\u00dfgeschneidertes Angebot  <\/li>\r\n\t\t\t\t\t\t\t\t\t\t<li>Ein Ansprechpartner, von der Analyse bis zur Ausf\u00fchrung  <\/li>\r\n\t\t\t\t\t\t\t\t\t\t<li>Aktiv in den Niederlanden, Belgien und Deutschland  <\/li>\r\n\t\t\t\t\t\t\t\t\t<\/ul>\r\n\t\t\t\t            <\/div><!--end of inner-->\r\n        <\/div><!--end of usps-bar-module-->  \t \r\n\t\t\t\r\n\n\n\t\t<div class=\"column-text-module\">\r\n            <div class=\"inner cf\">\r\n                <div class=\"title\">\r\n                    <h2><\/h2>\r\n                <\/div><!--end of title-->\r\n\r\n                <div class=\"items-wrap cf\">\r\n\t\t\t\t\t                    <div class=\"item\">\r\n                        <p>Fundamentabsenkungen treten immer h\u00e4ufiger auf, insbesondere bei Geb\u00e4uden mit einem Fundament auf Stahl. Ground Tech Solutions bietet eine innovative und wirkungsvolle L\u00f6sung: Fundamentinstandsetzung mit Resina-Injektion. Diese Technik nutzt ein Zwei-Komponenten-Expansionsharz, das unter das Fundament injiziert wird. Das Harz dehnt sich aus und verfestigt den Untergrund, wodurch die Tragf\u00e4higkeit des Geb\u00e4udes wiederhergestellt wird.<\/p>\n<p><strong>Was ist Resina?<\/strong><br \/>\nResina ist ein fortschrittliches Expansionsharz, das bei der Injektion sofort reagiert und sich ausdehnt. Dadurch f\u00fcllt es Hohlr\u00e4ume im Boden auf und verst\u00e4rkt die Fundamentstruktur. Diese Technik erfordert keine schweren Erdarbeiten und ist besonders geeignet f\u00fcr Reparaturarbeiten in bestehenden Geb\u00e4uden.<\/p>\n\t\t\t\t\t<\/div><!--end of item-->\r\n\t\t\t\t\t                    <div class=\"item\">\r\n                        <p><strong>Vorteile der Fundamentinstandsetzung mit Resina:<\/strong><br \/>\n\u2013 Minimale Beeintr\u00e4chtigungen und schnelle Ausf\u00fchrung<br \/>\n\u2013 Reparatur ohne Abbruch- oder Erdarbeiten<br \/>\n\u2013 Besonders geeignet f\u00fcr Wohnh\u00e4user, Gewerbeimmobilien und \u00f6ffentliche Geb\u00e4ude<br \/>\n\u2013 Effizient und nachhaltig<\/p>\n<p>Unsere Spezialisten analysieren die Situation vor Ort und erstellen einen ma\u00dfgeschneiderten Plan. Mit Resina bieten wir eine zukunftssichere Fundamentl\u00f6sung mit minimalen Auswirkungen auf die Umgebung und Ihren Gesch\u00e4ftsbetrieb.<\/p>\n\t\t\t\t\t<\/div><!--end of item-->\r\n\t\t\t\t\t                <\/div><!--end of items-wrap-->\r\n            <\/div><!--end of inner-->\r\n        <\/div><!--end of column-text-module-->  \t \r\n\t\t\t\r\n\n\n        <div class=\"full-form-module\">\r\n            <div class=\"inner cf\">\r\n                <div class=\"title\">\r\n                    <h2>Angebot anfordern<\/h2>\r\n                <\/div><!--end of title-->\r\n\r\n                <div class=\"form-wrap\">\r\n                    <script type=\"text\/javascript\">\n\/* <![CDATA[ *\/\nvar gform;gform||(document.addEventListener(\"gform_main_scripts_loaded\",function(){gform.scriptsLoaded=!0}),document.addEventListener(\"gform\/theme\/scripts_loaded\",function(){gform.themeScriptsLoaded=!0}),window.addEventListener(\"DOMContentLoaded\",function(){gform.domLoaded=!0}),gform={domLoaded:!1,scriptsLoaded:!1,themeScriptsLoaded:!1,isFormEditor:()=>\"function\"==typeof InitializeEditor,callIfLoaded:function(o){return!(!gform.domLoaded||!gform.scriptsLoaded||!gform.themeScriptsLoaded&&!gform.isFormEditor()||(gform.isFormEditor()&&console.warn(\"The use of gform.initializeOnLoaded() is deprecated in the form editor context and will be removed in Gravity Forms 3.1.\"),o(),0))},initializeOnLoaded:function(o){gform.callIfLoaded(o)||(document.addEventListener(\"gform_main_scripts_loaded\",()=>{gform.scriptsLoaded=!0,gform.callIfLoaded(o)}),document.addEventListener(\"gform\/theme\/scripts_loaded\",()=>{gform.themeScriptsLoaded=!0,gform.callIfLoaded(o)}),window.addEventListener(\"DOMContentLoaded\",()=>{gform.domLoaded=!0,gform.callIfLoaded(o)}))},hooks:{action:{},filter:{}},addAction:function(o,r,e,t){gform.addHook(\"action\",o,r,e,t)},addFilter:function(o,r,e,t){gform.addHook(\"filter\",o,r,e,t)},doAction:function(o){gform.doHook(\"action\",o,arguments)},applyFilters:function(o){return gform.doHook(\"filter\",o,arguments)},removeAction:function(o,r){gform.removeHook(\"action\",o,r)},removeFilter:function(o,r,e){gform.removeHook(\"filter\",o,r,e)},addHook:function(o,r,e,t,n){null==gform.hooks[o][r]&&(gform.hooks[o][r]=[]);var d=gform.hooks[o][r];null==n&&(n=r+\"_\"+d.length),gform.hooks[o][r].push({tag:n,callable:e,priority:t=null==t?10:t})},doHook:function(r,o,e){var t;if(e=Array.prototype.slice.call(e,1),null!=gform.hooks[r][o]&&((o=gform.hooks[r][o]).sort(function(o,r){return o.priority-r.priority}),o.forEach(function(o){\"function\"!=typeof(t=o.callable)&&(t=window[t]),\"action\"==r?t.apply(null,e):e[0]=t.apply(null,e)})),\"filter\"==r)return e[0]},removeHook:function(o,r,t,n){var e;null!=gform.hooks[o][r]&&(e=(e=gform.hooks[o][r]).filter(function(o,r,e){return!!(null!=n&&n!=o.tag||null!=t&&t!=o.priority)}),gform.hooks[o][r]=e)}});\n\/* ]]> *\/\n<\/script>\n\n                <div class='gf_browser_gecko gform_wrapper gform_legacy_markup_wrapper gform-theme--no-framework' data-form-theme='legacy' data-form-index='0' id='gform_wrapper_7' ><div id='gf_7' class='gform_anchor' tabindex='-1'><\/div><form method='post' enctype='multipart\/form-data' target='gform_ajax_frame_7' id='gform_7'  action='\/de\/wp-json\/wp\/v2\/pages\/1021#gf_7' data-formid='7' novalidate>\n                        <div class='gform-body gform_body'><ul id='gform_fields_7' class='gform_fields top_label form_sublabel_below description_below validation_below'><li id=\"field_7_6\" class=\"gfield gfield--type-select gfield--input-type-select gfield--width-full gfield_contains_required field_sublabel_below gfield--no-description field_description_below field_validation_below gfield_visibility_visible\"  ><label class='gfield_label gform-field-label' for='input_7_6'>Privat of Gesch\u00e4ftlich<span class=\"gfield_required\"><span class=\"gfield_required gfield_required_asterisk\">*<\/span><\/span><\/label><div class='ginput_container ginput_container_select'><select name='input_6' id='input_7_6' class='medium gfield_select'    aria-required=\"true\" aria-invalid=\"false\" ><option value='' selected='selected' class='gf_placeholder'>Selecteer<\/option><option value='Privat' >Privat<\/option><option value='Gesch\u00e4ftlich' >Gesch\u00e4ftlich<\/option><\/select><\/div><\/li><li id=\"field_7_7\" class=\"gfield gfield--type-select gfield--input-type-select gfield--width-full gfield_contains_required field_sublabel_below gfield--no-description field_description_below field_validation_below gfield_visibility_visible\"  ><label class='gfield_label gform-field-label' for='input_7_7'>Dienstleistungen<span class=\"gfield_required\"><span class=\"gfield_required gfield_required_asterisk\">*<\/span><\/span><\/label><div class='ginput_container ginput_container_select'><select name='input_7' id='input_7_7' class='large gfield_select'    aria-required=\"true\" aria-invalid=\"false\" ><option value='' selected='selected' class='gf_placeholder'>Selecteer<\/option><option value='Fundamentinstandsetzung' >Fundamentinstandsetzung<\/option><option value='Bodenreparatur' >Bodenreparatur<\/option><option value='Verst\u00e4rkung' >Verst\u00e4rkung<\/option><\/select><\/div><\/li><li id=\"field_7_1\" class=\"gfield gfield--type-text gfield--input-type-text gfield_contains_required field_sublabel_below gfield--no-description field_description_below field_validation_below gfield_visibility_visible\"  ><label class='gfield_label gform-field-label' for='input_7_1'>Name<span class=\"gfield_required\"><span class=\"gfield_required gfield_required_asterisk\">*<\/span><\/span><\/label><div class='ginput_container ginput_container_text'><input name='input_1' id='input_7_1' type='text' value='' class='medium'     aria-required=\"true\" aria-invalid=\"false\"   \/><\/div><\/li><li id=\"field_7_2\" class=\"gfield gfield--type-email gfield--input-type-email gfield_contains_required field_sublabel_below gfield--no-description field_description_below field_validation_below gfield_visibility_visible\"  ><label class='gfield_label gform-field-label' for='input_7_2'>E-mail<span class=\"gfield_required\"><span class=\"gfield_required gfield_required_asterisk\">*<\/span><\/span><\/label><div class='ginput_container ginput_container_email'>\n                            <input name='input_2' id='input_7_2' type='email' value='' class='medium'    aria-required=\"true\" aria-invalid=\"false\"  \/>\n                        <\/div><\/li><li id=\"field_7_3\" class=\"gfield gfield--type-text gfield--input-type-text field_sublabel_below gfield--no-description field_description_below field_validation_below gfield_visibility_visible\"  ><label class='gfield_label gform-field-label' for='input_7_3'>Telefon<\/label><div class='ginput_container ginput_container_text'><input name='input_3' id='input_7_3' type='text' value='' class='medium'      aria-invalid=\"false\"   \/><\/div><\/li><li id=\"field_7_4\" class=\"gfield gfield--type-textarea gfield--input-type-textarea full-item field_sublabel_below gfield--no-description field_description_below field_validation_below gfield_visibility_visible\"  ><label class='gfield_label gform-field-label screen-reader-text' for='input_7_4'>Typ hier uw bericht<\/label><div class='ginput_container ginput_container_textarea'><textarea name='input_4' id='input_7_4' class='textarea medium'    placeholder='Typ hier uw bericht'  aria-invalid=\"false\"   rows='10' cols='50'><\/textarea><\/div><\/li><\/ul><\/div>\n        <div class='gform-footer gform_footer top_label'> <input type='submit' id='gform_submit_button_7' class='gform_button button' onclick='gform.submission.handleButtonClick(this);' data-submission-type='submit' value='SEND'  \/> <input type='hidden' name='gform_ajax' value='form_id=7&amp;title=&amp;description=&amp;tabindex=0&amp;theme=legacy&amp;styles=[]&amp;hash=327108b639c2d474f7343a8b63ba454c' \/>\n            <input type='hidden' class='gform_hidden' name='gform_submission_method' data-js='gform_submission_method_7' value='iframe' \/>\n            <input type='hidden' class='gform_hidden' name='gform_theme' data-js='gform_theme_7' id='gform_theme_7' value='legacy' \/>\n            <input type='hidden' class='gform_hidden' name='gform_style_settings' data-js='gform_style_settings_7' id='gform_style_settings_7' value='[]' \/>\n            <input type='hidden' class='gform_hidden' name='is_submit_7' value='1' \/>\n            <input type='hidden' class='gform_hidden' name='gform_submit' value='7' \/>\n            \n            <input type='hidden' class='gform_hidden' name='gform_currency' data-currency='USD' value='rgqR4C3uMndawE7VcSAXVJ2aM3jX4C0yo0u1en0hQk+fRjIdej5muPGCPfvMADxuoAooPwTiJRE\/olAwibBkVXbOowwfZBttGZarINn7xltsAfo=' \/>\n            <input type='hidden' class='gform_hidden' name='gform_unique_id' value='' \/>\n            <input type='hidden' class='gform_hidden' name='state_7' value='WyJ7XCI2XCI6W1wiZTcwZTY1ODIzZjkzMTgzMjA5ZWIwZDJiNDk5MjZhZjlcIixcImY3Nzk3NTc2ZTAzMmIzYTRiNTFlZjBkOGZmZjY2MDE1XCJdLFwiN1wiOltcIjZlMmQyZmMwYmEzODY3NTRlMDFmMDg4MjM4NmJjN2FjXCIsXCJlODU5NGNkY2FiMjU3ZDMxYjkwMzc3Y2FiZTM1M2IxOVwiLFwiYmNiNGVhNjJkMjk3NmU2ZDQyMjVkNjJjOGFkZGU2ZGFcIl19IiwiMTBmYTRmYjQ0ZWFlZjE0NGFmOGZiZDlhNGM3NDljMjgiXQ==' \/>\n            <input type='hidden' autocomplete='off' class='gform_hidden' name='gform_target_page_number_7' id='gform_target_page_number_7' value='0' \/>\n            <input type='hidden' autocomplete='off' class='gform_hidden' name='gform_source_page_number_7' id='gform_source_page_number_7' value='1' \/>\n            <input type='hidden' name='gform_field_values' value='' \/>\n            \n        <\/div>\n                        <p style=\"display: none !important;\" class=\"akismet-fields-container\" data-prefix=\"ak_\"><label>&#916;<textarea name=\"ak_hp_textarea\" cols=\"45\" rows=\"8\" maxlength=\"100\"><\/textarea><\/label><input type=\"hidden\" id=\"ak_js_1\" name=\"ak_js\" value=\"14\"\/><script>document.getElementById( \"ak_js_1\" ).setAttribute( \"value\", ( new Date() ).getTime() );<\/script><\/p><\/form>\n                        <\/div>\n\t\t                <iframe style='display:none;width:0px;height:0px;' src='about:blank' name='gform_ajax_frame_7' id='gform_ajax_frame_7' title='This iframe contains the logic required to handle Ajax powered Gravity Forms.'><\/iframe>\n\t\t                <script type=\"text\/javascript\">\n\/* <![CDATA[ *\/\n gform.initializeOnLoaded( function() {gformInitSpinner( 7, 'https:\/\/groundtechsolutions.nl\/wp-content\/plugins\/gravityforms\/images\/spinner.svg', true );jQuery('#gform_ajax_frame_7').on('load',function(){var contents = jQuery(this).contents().find('*').html();var is_postback = contents.indexOf('GF_AJAX_POSTBACK') >= 0;if(!is_postback){return;}var form_content = jQuery(this).contents().find('#gform_wrapper_7');var is_confirmation = jQuery(this).contents().find('#gform_confirmation_wrapper_7').length > 0;var is_redirect = contents.indexOf('gformRedirect(){') >= 0;var is_form = form_content.length > 0 && ! is_redirect && ! is_confirmation;var mt = parseInt(jQuery('html').css('margin-top'), 10) + parseInt(jQuery('body').css('margin-top'), 10) + 100;if(is_form){jQuery('#gform_wrapper_7').html(form_content.html());if(form_content.hasClass('gform_validation_error')){jQuery('#gform_wrapper_7').addClass('gform_validation_error');} else {jQuery('#gform_wrapper_7').removeClass('gform_validation_error');}setTimeout( function() { \/* delay the scroll by 50 milliseconds to fix a bug in chrome *\/ jQuery(document).scrollTop(jQuery('#gform_wrapper_7').offset().top - mt); }, 50 );if(window['gformInitDatepicker']) {gformInitDatepicker();}if(window['gformInitPriceFields']) {gformInitPriceFields();}var current_page = jQuery('#gform_source_page_number_7').val();gformInitSpinner( 7, 'https:\/\/groundtechsolutions.nl\/wp-content\/plugins\/gravityforms\/images\/spinner.svg', true );jQuery(document).trigger('gform_page_loaded', [7, current_page]);window['gf_submitting_7'] = false;}else if(!is_redirect){var confirmation_content = jQuery(this).contents().find('.GF_AJAX_POSTBACK').html();if(!confirmation_content){confirmation_content = contents;}jQuery('#gform_wrapper_7').replaceWith(confirmation_content);jQuery(document).scrollTop(jQuery('#gf_7').offset().top - mt);jQuery(document).trigger('gform_confirmation_loaded', [7]);window['gf_submitting_7'] = false;wp.a11y.speak(jQuery('#gform_confirmation_message_7').text());}else{jQuery('#gform_7').append(contents);if(window['gformRedirect']) {gformRedirect();}}jQuery(document).trigger(\"gform_pre_post_render\", [{ formId: \"7\", currentPage: \"current_page\", abort: function() { this.preventDefault(); } }]);        if (event && event.defaultPrevented) {                return;        }        const gformWrapperDiv = document.getElementById( \"gform_wrapper_7\" );        if ( gformWrapperDiv ) {            const visibilitySpan = document.createElement( \"span\" );            visibilitySpan.id = \"gform_visibility_test_7\";            gformWrapperDiv.insertAdjacentElement( \"afterend\", visibilitySpan );        }        const visibilityTestDiv = document.getElementById( \"gform_visibility_test_7\" );        let postRenderFired = false;        function triggerPostRender() {            if ( postRenderFired ) {                return;            }            postRenderFired = true;            gform.core.triggerPostRenderEvents( 7, current_page );            if ( visibilityTestDiv ) {                visibilityTestDiv.parentNode.removeChild( visibilityTestDiv );            }        }        function debounce( func, wait, immediate ) {            var timeout;            return function() {                var context = this, args = arguments;                var later = function() {                    timeout = null;                    if ( !immediate ) func.apply( context, args );                };                var callNow = immediate && !timeout;                clearTimeout( timeout );                timeout = setTimeout( later, wait );                if ( callNow ) func.apply( context, args );            };        }        const debouncedTriggerPostRender = debounce( function() {            triggerPostRender();        }, 200 );        if ( visibilityTestDiv && visibilityTestDiv.offsetParent === null ) {            const observer = new MutationObserver( ( mutations ) => {                mutations.forEach( ( mutation ) => {                    if ( mutation.type === 'attributes' && visibilityTestDiv.offsetParent !== null ) {                        debouncedTriggerPostRender();                        observer.disconnect();                    }                });            });            observer.observe( document.body, {                attributes: true,                childList: false,                subtree: true,                attributeFilter: [ 'style', 'class' ],            });        } else {            triggerPostRender();        }    } );} ); \n\/* ]]> *\/\n<\/script>\n\r\n                    <div class=\"contact-items\">\r\n                        <ul>\r\n                                                                                <\/ul>\r\n                    <\/div><!--end of contact-items-->\r\n\r\n                <\/div><!--end of form-wrap-->\r\n            <\/div><!--end of inner-->\r\n        <\/div><!--end of full-form-module-->  \t \r\n\t\t\t\r\n","protected":false},"excerpt":{"rendered":"","protected":false},"author":2,"featured_media":0,"parent":0,"menu_order":0,"comment_status":"closed","ping_status":"closed","template":"","meta":{"_acf_changed":false,"footnotes":""},"class_list":["post-1021","page","type-page","status-publish","hentry"],"acf":[],"_links":{"self":[{"href":"https:\/\/groundtechsolutions.nl\/de\/wp-json\/wp\/v2\/pages\/1021","targetHints":{"allow":["GET"]}}],"collection":[{"href":"https:\/\/groundtechsolutions.nl\/de\/wp-json\/wp\/v2\/pages"}],"about":[{"href":"https:\/\/groundtechsolutions.nl\/de\/wp-json\/wp\/v2\/types\/page"}],"author":[{"embeddable":true,"href":"https:\/\/groundtechsolutions.nl\/de\/wp-json\/wp\/v2\/users\/2"}],"replies":[{"embeddable":true,"href":"https:\/\/groundtechsolutions.nl\/de\/wp-json\/wp\/v2\/comments?post=1021"}],"version-history":[{"count":4,"href":"https:\/\/groundtechsolutions.nl\/de\/wp-json\/wp\/v2\/pages\/1021\/revisions"}],"predecessor-version":[{"id":1125,"href":"https:\/\/groundtechsolutions.nl\/de\/wp-json\/wp\/v2\/pages\/1021\/revisions\/1125"}],"wp:attachment":[{"href":"https:\/\/groundtechsolutions.nl\/de\/wp-json\/wp\/v2\/media?parent=1021"}],"curies":[{"name":"wp","href":"https:\/\/api.w.org\/{rel}","templated":true}]}}